{"id":502,"date":"2023-06-18T16:39:21","date_gmt":"2023-06-18T14:39:21","guid":{"rendered":"https:\/\/www.vojtko.art\/?page_id=502"},"modified":"2025-08-09T13:02:06","modified_gmt":"2025-08-09T11:02:06","slug":"kontakt","status":"publish","type":"page","link":"https:\/\/www.vojtko.art\/index.php\/ava\/artdesign\/kontakt\/","title":{"rendered":"Kontakt"},"content":{"rendered":"\n\n\t<section class=\"section header-custom\" id=\"section_728926673\">\n\t\t<div class=\"section-bg fill\" >\n\t\t\t\t\t\t\t\t\t\n\t\t\t\n\n\t\t<\/div>\n\n\t\t\n\n\t\t<div class=\"section-content relative\">\n\t\t\t\n\n\t<div id=\"gap-964703776\" class=\"gap-element clearfix hide-for-medium\" style=\"display:block; height:auto;\">\n\t\t\n<style>\n#gap-964703776 {\n  padding-top: 4rem;\n}\n<\/style>\n\t<\/div>\n\t\n\n<div class=\"row row-full-width align-middle container-custom container-extended\"  id=\"row-1309007043\">\n\n\n\t<div id=\"col-461584897\" class=\"col header-mobile show-for-medium medium-12 small-12 large-6\"  >\n\t\t\t\t<div class=\"col-inner\"  >\n\t\t\t\n\t\t\t\n\n\t<div id=\"gap-2107673841\" class=\"gap-element clearfix show-for-medium\" style=\"display:block; height:auto;\">\n\t\t\n<style>\n#gap-2107673841 {\n  padding-top: 2rem;\n}\n@media (min-width:550px) {\n  #gap-2107673841 {\n    padding-top: 30px;\n  }\n}\n<\/style>\n\t<\/div>\n\t\n\n\t<div class=\"img has-hover header-logo-final x md-x lg-x y md-y lg-y\" id=\"image_1808498886\">\n\t\t<a class=\"\" href=\"https:\/\/www.vojtko.art\/index.php\/ava\/artdesign\/\" >\t\t\t\t\t\t<div class=\"img-inner dark\" >\n\t\t\t<img loading=\"lazy\" decoding=\"async\" width=\"720\" height=\"720\" src=\"https:\/\/www.vojtko.art\/wp-content\/uploads\/2024\/04\/artdesign.png\" class=\"attachment-original size-original\" alt=\"\" srcset=\"https:\/\/www.vojtko.art\/wp-content\/uploads\/2024\/04\/artdesign.png 720w, https:\/\/www.vojtko.art\/wp-content\/uploads\/2024\/04\/artdesign-300x300.png 300w, https:\/\/www.vojtko.art\/wp-content\/uploads\/2024\/04\/artdesign-150x150.png 150w\" sizes=\"auto, (max-width: 720px) 100vw, 720px\" \/>\t\t\t\t\t\t\n\t\t\t\t\t<\/div>\n\t\t\t\t\t\t<\/a>\t\t\n<style>\n#image_1808498886 {\n  width: 20%;\n}\n@media (min-width:550px) {\n  #image_1808498886 {\n    width: 100%;\n  }\n}\n<\/style>\n\t<\/div>\n\t\n\n<div class=\"accordion\">\n\n\t<div id=\"accordion-604799621\" class=\"accordion-item\">\n\t\t<a id=\"accordion-604799621-label\" class=\"accordion-title plain\" href=\"#accordion-item-&nbsp;\" aria-expanded=\"false\" aria-controls=\"accordion-604799621-content\" >\n\t\t\t<button class=\"toggle\" aria-label=\"Toggle\"><i class=\"icon-angle-down\"><\/i><\/button>\n\t\t\t<span>&nbsp;<\/span>\n\t\t<\/a>\n\t\t<div id=\"accordion-604799621-content\" class=\"accordion-inner\" aria-labelledby=\"accordion-604799621-label\" >\n\t\t\t\n\n<div class=\"row align-middle align-center\"  id=\"row-1293019599\">\n\n\n\t<div id=\"col-553126147\" class=\"col medium-9 small-9 large-6\"  >\n\t\t\t\t<div class=\"col-inner text-center\"  >\n\t\t\t\n\t\t\t\n\n<a href=\"\/index.php\/ava\/artdesign\/#o-nas\" class=\"button primary menu-button\"  >\n\t\t<span>O N\u00c1S<\/span>\n\t<\/a>\n\n\n\t<div id=\"gap-1894373996\" class=\"gap-element clearfix\" style=\"display:block; height:auto;\">\n\t\t\n<style>\n#gap-1894373996 {\n  padding-top: 0.5rem;\n}\n@media (min-width:550px) {\n  #gap-1894373996 {\n    padding-top: 30px;\n  }\n}\n<\/style>\n\t<\/div>\n\t\n\n<a href=\"\/index.php\/ava\/artdesign\/produkty\/\" class=\"button primary menu-button\"  >\n\t\t<span>PRODUKTY<\/span>\n\t<\/a>\n\n\n\t<div id=\"gap-503718439\" class=\"gap-element clearfix\" style=\"display:block; height:auto;\">\n\t\t\n<style>\n#gap-503718439 {\n  padding-top: 0.5rem;\n}\n@media (min-width:550px) {\n  #gap-503718439 {\n    padding-top: 30px;\n  }\n}\n<\/style>\n\t<\/div>\n\t\n\n<a href=\"\/index.php\/ava\/artdesign\/kontakt\/\" class=\"button primary menu-button\"  >\n\t\t<span>KONTAKT<\/span>\n\t<\/a>\n\n\n\n\t\t<\/div>\n\t\t\t\t\t<\/div>\n\n\t\n\n<\/div>\n\n\t\t<\/div>\n\t<\/div>\n\t\n\n<\/div>\n\n\t\t<\/div>\n\t\t\t\t\t<\/div>\n\n\t\n\n\t<div id=\"col-509807749\" class=\"col hide-for-medium medium-3 small-12 large-3\"  >\n\t\t\t\t<div class=\"col-inner text-left\"  >\n\t\t\t\n\t\t\t\n\n\t<div class=\"img has-hover header-logo-final x md-x lg-x y md-y lg-y\" id=\"image_1667654895\">\n\t\t<a class=\"\" href=\"https:\/\/www.vojtko.art\/index.php\/ava\/artdesign\/\" >\t\t\t\t\t\t<div class=\"img-inner dark\" >\n\t\t\t<img loading=\"lazy\" decoding=\"async\" width=\"720\" height=\"720\" src=\"https:\/\/www.vojtko.art\/wp-content\/uploads\/2024\/04\/artdesign.png\" class=\"attachment-original size-original\" alt=\"\" srcset=\"https:\/\/www.vojtko.art\/wp-content\/uploads\/2024\/04\/artdesign.png 720w, https:\/\/www.vojtko.art\/wp-content\/uploads\/2024\/04\/artdesign-300x300.png 300w, https:\/\/www.vojtko.art\/wp-content\/uploads\/2024\/04\/artdesign-150x150.png 150w\" sizes=\"auto, (max-width: 720px) 100vw, 720px\" \/>\t\t\t\t\t\t\n\t\t\t\t\t<\/div>\n\t\t\t\t\t\t<\/a>\t\t\n<style>\n#image_1667654895 {\n  width: 20%;\n}\n@media (min-width:550px) {\n  #image_1667654895 {\n    width: 100%;\n  }\n}\n<\/style>\n\t<\/div>\n\t\n\n\n\t\t<\/div>\n\t\t\t\t\t<\/div>\n\n\t\n\n\t<div id=\"col-1237240086\" class=\"col hide-for-medium medium-9 small-12 large-9\"  >\n\t\t\t\t<div class=\"col-inner text-right\"  >\n\t\t\t\n\t\t\t\n\n<a href=\"\/index.php\/ava\/artdesign\/#o-nas\" class=\"button primary menu-button\"  >\n\t\t<span>O N\u00c1S<\/span>\n\t<\/a>\n\n\n<a href=\"\/index.php\/ava\/artdesign\/produkty\/\" class=\"button primary menu-button\"  >\n\t\t<span>PRODUKTY<\/span>\n\t<\/a>\n\n\n<a href=\"\/index.php\/ava\/artdesign\/kontakt\/\" class=\"button primary menu-button\"  >\n\t\t<span>KONTAKT<\/span>\n\t<\/a>\n\n\n\n\t\t<\/div>\n\t\t\t\t\t<\/div>\n\n\t\n\n<\/div>\n\t<div id=\"gap-920677310\" class=\"gap-element clearfix\" style=\"display:block; height:auto;\">\n\t\t\n<style>\n#gap-920677310 {\n  padding-top: 2rem;\n}\n<\/style>\n\t<\/div>\n\t\n\n\n\t\t<\/div>\n\n\t\t\n<style>\n#section_728926673 {\n  padding-top: 30px;\n  padding-bottom: 30px;\n}\n<\/style>\n\t<\/section>\n\t\n\n\t<section class=\"section\" id=\"section_1930119600\">\n\t\t<div class=\"section-bg fill\" >\n\t\t\t\t\t\t\t\t\t\n\t\t\t\n\n\t\t<\/div>\n\n\t\t\n\n\t\t<div class=\"section-content relative\">\n\t\t\t\n\n<div class=\"row row-full-width container-custom container-extended\"  id=\"row-685691099\">\n\n\n\t<div id=\"col-1773577169\" class=\"col medium-12 small-12 large-5\"  >\n\t\t\t\t<div class=\"col-inner\"  >\n\t\t\t\n\t\t\t\n\n\t<div id=\"text-2936468541\" class=\"text hide-for-small\">\n\t\t\n\n<h4><span style=\"font-size: 105%;\">\u039bV\u039b artdesign<\/span><br \/><span style=\"font-size: 90%;\">Pova\u017esk\u00e1 Bystrica<\/span><\/h4>\n\t\t\n<style>\n#text-2936468541 {\n  font-size: 1.5rem;\n}\n<\/style>\n\t<\/div>\n\t\n\t\t<div class=\"show-for-medium hide-for-small\">\n\t\t\t\t\n\n<iframe class=\"map-gray\" src=\"https:\/\/www.google.com\/maps\/embed?pb=!1m18!1m12!1m3!1d4145.749054052345!2d18.445084106295962!3d49.11213113653974!2m3!1f0!2f0!3f0!3m2!1i1024!2i768!4f13.1!3m3!1m2!1s0x47148bfd987b3875%3A0x2af0875ecf83ebc3!2sAva%20-%20Andrej%20Vojtko!5e0!3m2!1ssk!2ssk!4v1695743829798!5m2!1ssk!2ssk\" width=\"100%\" height=\"450\" style=\"border:0;\" allowfullscreen=\"\" loading=\"lazy\" referrerpolicy=\"no-referrer-when-downgrade\"><\/iframe>\n\t\t<\/div>\n\t\n\t\t<div class=\"hide-for-medium\">\n\t\t\t\t\n\n<iframe class=\"map-gray\" src=\"https:\/\/www.google.com\/maps\/embed?pb=!1m18!1m12!1m3!1d4145.749054052345!2d18.445084106295962!3d49.11213113653974!2m3!1f0!2f0!3f0!3m2!1i1024!2i768!4f13.1!3m3!1m2!1s0x47148bfd987b3875%3A0x2af0875ecf83ebc3!2sAva%20-%20Andrej%20Vojtko!5e0!3m2!1ssk!2ssk!4v1695743829798!5m2!1ssk!2ssk\" width=\"600\" height=\"450\" style=\"border:0;\" allowfullscreen=\"\" loading=\"lazy\" referrerpolicy=\"no-referrer-when-downgrade\"><\/iframe>\n\t\t<\/div>\n\t\n\t\t<div class=\"show-for-small\">\n\t\t\t\t\n\n<iframe class=\"map-gray\" src=\"https:\/\/www.google.com\/maps\/embed?pb=!1m18!1m12!1m3!1d4145.749054052345!2d18.445084106295962!3d49.11213113653974!2m3!1f0!2f0!3f0!3m2!1i1024!2i768!4f13.1!3m3!1m2!1s0x47148bfd987b3875%3A0x2af0875ecf83ebc3!2sAva%20-%20Andrej%20Vojtko!5e0!3m2!1ssk!2ssk!4v1695743829798!5m2!1ssk!2ssk\" width=\"600\" height=\"350\" style=\"border:0;\" allowfullscreen=\"\" loading=\"lazy\" referrerpolicy=\"no-referrer-when-downgrade\"><\/iframe>\n\t\t<\/div>\n\t\n\t<div id=\"text-2555440957\" class=\"text\">\n\t\t\n\n<p>Ul. Slovensk\u00fdch partiz\u00e1nov 5033\/73, 017 01 Pova\u017esk\u00e1 Bystrica<br \/>GPS: 49.112047525404506, 18.446667985922904<\/p>\n<p>\u00a0<\/p>\n\t\t\n<style>\n#text-2555440957 {\n  font-size: 1rem;\n}\n<\/style>\n\t<\/div>\n\t\n\t<div id=\"gap-622508292\" class=\"gap-element clearfix\" style=\"display:block; height:auto;\">\n\t\t\n<style>\n#gap-622508292 {\n  padding-top: 1rem;\n}\n<\/style>\n\t<\/div>\n\t\n\n\t<div id=\"text-4100787791\" class=\"text\">\n\t\t\n\n<p>OTV\u00c1RACIE HODINY:<\/p>\n\t\t\n<style>\n#text-4100787791 {\n  font-size: 1.5rem;\n  line-height: 1;\n}\n<\/style>\n\t<\/div>\n\t\n\t<div id=\"text-3966797402\" class=\"text\">\n\t\t\n\n<p>Pondelok &#8211; Piatok<br \/>8:00 &#8211; 11:00 (Obed) 12:00 &#8211; 17:00<\/p>\n\t\t\n<style>\n#text-3966797402 {\n  font-size: 1rem;\n}\n<\/style>\n\t<\/div>\n\t\n\t<div id=\"gap-1226565603\" class=\"gap-element clearfix\" style=\"display:block; height:auto;\">\n\t\t\n<style>\n#gap-1226565603 {\n  padding-top: 4rem;\n}\n<\/style>\n\t<\/div>\n\t\n\n\t<div id=\"text-427539481\" class=\"text\">\n\t\t\n\n<p>KONTAKT:<\/p>\n\t\t\n<style>\n#text-427539481 {\n  font-size: 1.5rem;\n  line-height: 1;\n}\n<\/style>\n\t<\/div>\n\t\n\t<div id=\"text-3588378246\" class=\"text\">\n\t\t\n\n<p>\u039bV\u039b artdesign &#8211;\u00a0 \u00a0ava@avapb.sk<br \/>Tel. &#8211;\u00a0 \u00a0 \u00a0 \u00a0 \u00a0 \u00a0 \u00a0 \u00a0 \u00a0 \u00a0 \u00a0 +421 905 505 477<br \/>V\u00fdroba &#8211;\u00a0 \u00a0 \u00a0 \u00a0 \u00a0 \u00a0 \u00a0 \u00a0 ava@avapb.sk<br \/><br \/><\/p>\n\t\t\n<style>\n#text-3588378246 {\n  font-size: 1rem;\n}\n<\/style>\n\t<\/div>\n\t\n\t<div id=\"gap-2047439748\" class=\"gap-element clearfix\" style=\"display:block; height:auto;\">\n\t\t\n<style>\n#gap-2047439748 {\n  padding-top: 4rem;\n}\n<\/style>\n\t<\/div>\n\t\n\n\t<div id=\"text-2909564159\" class=\"text\">\n\t\t\n\n<p>FAKTURA\u010cN\u00c9 \u00daDAJE:<\/p>\n\t\t\n<style>\n#text-2909564159 {\n  font-size: 1.5rem;\n  line-height: 1;\n}\n<\/style>\n\t<\/div>\n\t\n\t<div id=\"text-3319690842\" class=\"text\">\n\t\t\n\n<p>Andrej Vojtko \u2013 AVA<br \/>Doln\u00fd Mo\u0161tenec 295<br \/>01701, Pova\u017esk\u00e1 Bystrica<br \/>I\u010do: 30589207<br \/>I\u010d DPH: SK1020509435<\/p>\n\t\t\n<style>\n#text-3319690842 {\n  font-size: 1rem;\n}\n<\/style>\n\t<\/div>\n\t\n\n\t\t<\/div>\n\t\t\t\t\t<\/div>\n\n\t\n\n\t<div id=\"col-1354798238\" class=\"col medium-12 small-12 large-1\"  >\n\t\t\t\t<div class=\"col-inner\"  >\n\t\t\t\n\t\t\t\n\n\n\t\t<\/div>\n\t\t\t\t\t<\/div>\n\n\t\n\n\t<div id=\"col-2061389676\" class=\"col medium-12 small-12 large-6\"  >\n\t\t\t\t<div class=\"col-inner\"  >\n\t\t\t\n\t\t\t\n\n\t<div id=\"gap-558695306\" class=\"gap-element clearfix show-for-medium\" style=\"display:block; height:auto;\">\n\t\t\n<style>\n#gap-558695306 {\n  padding-top: 30px;\n}\n<\/style>\n\t<\/div>\n\t\n\n<div class=\"row\"  id=\"row-1719276101\">\n\n\n\t<div id=\"col-1206973330\" class=\"col small-12 large-12\"  >\n\t\t\t\t<div class=\"col-inner\"  >\n\t\t\t\n\t\t\t\n\n\t<div id=\"text-3360543995\" class=\"text\">\n\t\t\n\n<p>KONTAKTN\u00dd FORMUL\u00c1R<\/p>\n\t\t\n<style>\n#text-3360543995 {\n  font-size: 1.5rem;\n  text-align: left;\n}\n@media (min-width:550px) {\n  #text-3360543995 {\n    text-align: left;\n  }\n}\n<\/style>\n\t<\/div>\n\t\n\t<div id=\"text-2794971388\" class=\"text\">\n\t\t\n\n<h4 class=\"mbr-section-subtitle mbr-fonts-style align-center mb-0 mt-2 display-7\" style=\"text-align: left;\"><span style=\"font-size: 85%;\">Kontaktujte n\u00e1s prostredn\u00edctvom e-mailu alebo kontaktn\u00e9ho formul\u00e1ra pre ot\u00e1zky alebo z\u00e1v\u00e4zn\u00fa cenov\u00fa ponuku.<\/span><br \/><span style=\"font-size: 85%;\">Presn\u00fa cenu stanov\u00edme na z\u00e1klade konkr\u00e9tnych po\u017eiadaviek a n\u00e1ro\u010dnosti projektu.<\/span><\/h4>\n\t\t\n<style>\n#text-2794971388 {\n  font-size: 1rem;\n  text-align: left;\n}\n@media (min-width:550px) {\n  #text-2794971388 {\n    text-align: left;\n  }\n}\n<\/style>\n\t<\/div>\n\t\n\n\t\t<\/div>\n\t\t\t\t\t<\/div>\n\n\t\n\n<\/div>\n\t<div id=\"gap-1045832259\" class=\"gap-element clearfix\" style=\"display:block; height:auto;\">\n\t\t\n<style>\n#gap-1045832259 {\n  padding-top: 2rem;\n}\n<\/style>\n\t<\/div>\n\t\n\n\n<div class=\"wpcf7 no-js\" id=\"wpcf7-f3418-o1\" lang=\"sk-SK\" dir=\"ltr\" data-wpcf7-id=\"3418\">\n<div class=\"screen-reader-response\"><p role=\"status\" aria-live=\"polite\" aria-atomic=\"true\"><\/p> <ul><\/ul><\/div>\n<form action=\"\/index.php\/wp-json\/wp\/v2\/pages\/502#wpcf7-f3418-o1\" method=\"post\" class=\"wpcf7-form init\" aria-label=\"Kontaktn\u00fd formul\u00e1r\" novalidate=\"novalidate\" data-status=\"init\">\n<fieldset class=\"hidden-fields-container\"><input type=\"hidden\" name=\"_wpcf7\" value=\"3418\" \/><input type=\"hidden\" name=\"_wpcf7_version\" value=\"6.1\" \/><input type=\"hidden\" name=\"_wpcf7_locale\" value=\"sk_SK\" \/><input type=\"hidden\" name=\"_wpcf7_unit_tag\" value=\"wpcf7-f3418-o1\" \/><input type=\"hidden\" name=\"_wpcf7_container_post\" value=\"0\" \/><input type=\"hidden\" name=\"_wpcf7_posted_data_hash\" value=\"\" \/>\n<\/fieldset>\n<p><label> Va\u0161e meno<br \/>\n<span class=\"wpcf7-form-control-wrap\" data-name=\"your-name\"><input size=\"40\" maxlength=\"400\" class=\"wpcf7-form-control wpcf7-text wpcf7-validates-as-required\" autocomplete=\"name\" aria-required=\"true\" aria-invalid=\"false\" value=\"\" type=\"text\" name=\"your-name\" \/><\/span> <\/label>\n<\/p>\n<p><label> V\u00e1\u0161 email<br \/>\n<span class=\"wpcf7-form-control-wrap\" data-name=\"your-email\"><input size=\"40\" maxlength=\"400\" class=\"wpcf7-form-control wpcf7-email wpcf7-validates-as-required wpcf7-text wpcf7-validates-as-email\" autocomplete=\"email\" aria-required=\"true\" aria-invalid=\"false\" value=\"\" type=\"email\" name=\"your-email\" \/><\/span> <\/label>\n<\/p>\n<p><label> Va\u0161a spr\u00e1va (volite\u013en\u00e9)<br \/>\n<span class=\"wpcf7-form-control-wrap\" data-name=\"your-message\"><textarea cols=\"40\" rows=\"10\" maxlength=\"2000\" class=\"wpcf7-form-control wpcf7-textarea\" aria-invalid=\"false\" name=\"your-message\"><\/textarea><\/span> <\/label>\n<\/p>\n<p><input class=\"wpcf7-form-control wpcf7-submit has-spinner\" type=\"submit\" value=\"Odosla\u0165\" \/>\n<\/p><div class=\"wpcf7-response-output\" aria-hidden=\"true\"><\/div>\n<\/form>\n<\/div>\n\n\n\n\t\t<\/div>\n\t\t\t\t\t<\/div>\n\n\t\n\n<\/div>\n\n\t\t<\/div>\n\n\t\t\n<style>\n#section_1930119600 {\n  padding-top: 30px;\n  padding-bottom: 30px;\n}\n<\/style>\n\t<\/section>\n\t\n<div class=\"row row-full-width align-middle align-center container-custom container-extended\"  id=\"row-633824134\">\n\n\n\t<div id=\"col-70907929\" class=\"col hide-for-small medium-5 small-12 large-4\"  >\n\t\t\t\t<div class=\"col-inner text-left\"  >\n\t\t\t\n\t\t\t\n\n\t<div id=\"gap-942467636\" class=\"gap-element clearfix\" style=\"display:block; height:auto;\">\n\t\t\n<style>\n#gap-942467636 {\n  padding-top: 0.75rem;\n}\n<\/style>\n\t<\/div>\n\t\n\n\t<div id=\"text-2219781653\" class=\"text footer-logo footer-heading\">\n\t\t\n\n<p><a href=\"https:\/\/www.vojtko.art\/\">\u3164vojtko.art\u3164<br \/>\n<\/a><\/p>\n\t\t\n<style>\n#text-2219781653 {\n  font-size: 2rem;\n  text-align: left;\n}\n@media (min-width:550px) {\n  #text-2219781653 {\n    font-size: 1.2rem;\n  }\n}\n@media (min-width:850px) {\n  #text-2219781653 {\n    font-size: 2.25rem;\n  }\n}\n<\/style>\n\t<\/div>\n\t\n\n\t\t<\/div>\n\t\t\t\t\n<style>\n#col-70907929 > .col-inner {\n  margin: 0px 0px -1rem 0px;\n}\n<\/style>\n\t<\/div>\n\n\t\n\n\t<div id=\"col-1875392929\" class=\"col show-for-small medium-4 small-12 large-4\"  >\n\t\t\t\t<div class=\"col-inner text-center\"  >\n\t\t\t\n\t\t\t\n\n\t<div id=\"text-2799741880\" class=\"text footer-logo footer-heading\">\n\t\t\n\n<p><a href=\"https:\/\/www.vojtko.art\/\">\u3164vojtko.art\u3164<br \/>\n<\/a><\/p>\n\t\t\n<style>\n#text-2799741880 {\n  font-size: 2rem;\n  text-align: center;\n}\n@media (min-width:550px) {\n  #text-2799741880 {\n    font-size: 2.25rem;\n    text-align: left;\n  }\n}\n<\/style>\n\t<\/div>\n\t\n\n\t\t<\/div>\n\t\t\t\t\n<style>\n#col-1875392929 > .col-inner {\n  margin: 0px 0px -1rem 0px;\n}\n<\/style>\n\t<\/div>\n\n\t\n\n\t<div id=\"col-1677840193\" class=\"col hide-for-small medium-7 small-12 large-8\"  >\n\t\t\t\t<div class=\"col-inner text-right\"  >\n\t\t\t\n\t\t\t\n\n<a href=\"\/index.php\/ava\/arch\/\" class=\"button primary menu-button menu-button-footer\"  >\n\t\t<span>ARCHITEKT\u00daRA<\/span>\n\t<\/a>\n\n\n<a href=\"\/index.php\/ava\/design\/\" class=\"button primary menu-button menu-button-footer\"  >\n\t\t<span>DESIGN<\/span>\n\t<\/a>\n\n\n<a href=\"\/index.php\/ava\/artdesign\/\" class=\"button primary menu-button menu-button-footer\"  >\n\t\t<span>ARTDESIGN<\/span>\n\t<\/a>\n\n\n\n\t\t<\/div>\n\t\t\t\t\t<\/div>\n\n\t\n\n\t<div id=\"col-1249819215\" class=\"col show-for-small medium-8 small-12 large-8\"  >\n\t\t\t\t<div class=\"col-inner text-center\"  >\n\t\t\t\n\t\t\t\n\n\t<div id=\"gap-1567422397\" class=\"gap-element clearfix\" style=\"display:block; height:auto;\">\n\t\t\n<style>\n#gap-1567422397 {\n  padding-top: 1rem;\n}\n@media (min-width:550px) {\n  #gap-1567422397 {\n    padding-top: 30px;\n  }\n}\n<\/style>\n\t<\/div>\n\t\n\n<a href=\"\/index.php\/ava\/arch\/\" class=\"button primary menu-button\"  >\n\t\t<span>architekt\u00fara<\/span>\n\t<\/a>\n\n\n\n\t\t<\/div>\n\t\t\t\t\t<\/div>\n\n\t\n\n\t<div id=\"col-1852924380\" class=\"col show-for-small medium-8 small-12 large-8\"  >\n\t\t\t\t<div class=\"col-inner text-center\"  >\n\t\t\t\n\t\t\t\n\n\t<div id=\"gap-2010685986\" class=\"gap-element clearfix\" style=\"display:block; height:auto;\">\n\t\t\n<style>\n#gap-2010685986 {\n  padding-top: 0.5rem;\n}\n@media (min-width:550px) {\n  #gap-2010685986 {\n    padding-top: 30px;\n  }\n}\n<\/style>\n\t<\/div>\n\t\n\n<a href=\"\/index.php\/ava\/design\/\" class=\"button primary menu-button\"  >\n\t\t<span>DESIGN<\/span>\n\t<\/a>\n\n\n\n\t\t<\/div>\n\t\t\t\t\t<\/div>\n\n\t\n\n\t<div id=\"col-282596720\" class=\"col show-for-small medium-8 small-12 large-8\"  >\n\t\t\t\t<div class=\"col-inner text-center\"  >\n\t\t\t\n\t\t\t\n\n\t<div id=\"gap-423988697\" class=\"gap-element clearfix\" style=\"display:block; height:auto;\">\n\t\t\n<style>\n#gap-423988697 {\n  padding-top: 0.5rem;\n}\n@media (min-width:550px) {\n  #gap-423988697 {\n    padding-top: 30px;\n  }\n}\n<\/style>\n\t<\/div>\n\t\n\n<a href=\"\/index.php\/ava\/artdesign\/\" class=\"button primary menu-button\"  >\n\t\t<span>ARTDESIGN<\/span>\n\t<\/a>\n\n\n\n\t\t<\/div>\n\t\t\t\t\t<\/div>\n\n\t\n\n<\/div>\n\t<div id=\"gap-323999732\" class=\"gap-element clearfix\" style=\"display:block; height:auto;\">\n\t\t\n<style>\n#gap-323999732 {\n  padding-top: 3rem;\n}\n@media (min-width:550px) {\n  #gap-323999732 {\n    padding-top: 30px;\n  }\n}\n<\/style>\n\t<\/div>\n\t\n\n\n","protected":false},"excerpt":{"rendered":"","protected":false},"author":1,"featured_media":0,"parent":299,"menu_order":0,"comment_status":"closed","ping_status":"closed","template":"page-blank.php","meta":{"footnotes":""},"class_list":["post-502","page","type-page","status-publish","hentry"],"_links":{"self":[{"href":"https:\/\/www.vojtko.art\/index.php\/wp-json\/wp\/v2\/pages\/502","targetHints":{"allow":["GET"]}}],"collection":[{"href":"https:\/\/www.vojtko.art\/index.php\/wp-json\/wp\/v2\/pages"}],"about":[{"href":"https:\/\/www.vojtko.art\/index.php\/wp-json\/wp\/v2\/types\/page"}],"author":[{"embeddable":true,"href":"https:\/\/www.vojtko.art\/index.php\/wp-json\/wp\/v2\/users\/1"}],"replies":[{"embeddable":true,"href":"https:\/\/www.vojtko.art\/index.php\/wp-json\/wp\/v2\/comments?post=502"}],"version-history":[{"count":37,"href":"https:\/\/www.vojtko.art\/index.php\/wp-json\/wp\/v2\/pages\/502\/revisions"}],"predecessor-version":[{"id":4086,"href":"https:\/\/www.vojtko.art\/index.php\/wp-json\/wp\/v2\/pages\/502\/revisions\/4086"}],"up":[{"embeddable":true,"href":"https:\/\/www.vojtko.art\/index.php\/wp-json\/wp\/v2\/pages\/299"}],"wp:attachment":[{"href":"https:\/\/www.vojtko.art\/index.php\/wp-json\/wp\/v2\/media?parent=502"}],"curies":[{"name":"wp","href":"https:\/\/api.w.org\/{rel}","templated":true}]}}