{"id":497,"date":"2023-06-18T16:38:43","date_gmt":"2023-06-18T14:38:43","guid":{"rendered":"https:\/\/www.vojtko.art\/?page_id=497"},"modified":"2025-08-09T12:37:56","modified_gmt":"2025-08-09T10:37:56","slug":"kontakt","status":"publish","type":"page","link":"https:\/\/www.vojtko.art\/index.php\/ava\/arch\/kontakt\/","title":{"rendered":"Kontakt"},"content":{"rendered":"\n\n\t<section class=\"section header-custom\" id=\"section_625246682\">\n\t\t<div class=\"section-bg fill\" >\n\t\t\t\t\t\t\t\t\t\n\t\t\t\n\n\t\t<\/div>\n\n\t\t\n\n\t\t<div class=\"section-content relative\">\n\t\t\t\n\n\t<div id=\"gap-2021218679\" class=\"gap-element clearfix hide-for-medium\" style=\"display:block; height:auto;\">\n\t\t\n<style>\n#gap-2021218679 {\n  padding-top: 4rem;\n}\n<\/style>\n\t<\/div>\n\t\n\n<div class=\"row row-full-width align-middle container-custom container-extended\"  id=\"row-203193716\">\n\n\n\t<div id=\"col-722567192\" class=\"col header-mobile show-for-medium medium-12 small-12 large-6\"  >\n\t\t\t\t<div class=\"col-inner\"  >\n\t\t\t\n\t\t\t\n\n\t<div id=\"gap-1278831628\" class=\"gap-element clearfix show-for-medium\" style=\"display:block; height:auto;\">\n\t\t\n<style>\n#gap-1278831628 {\n  padding-top: 2rem;\n}\n@media (min-width:550px) {\n  #gap-1278831628 {\n    padding-top: 30px;\n  }\n}\n<\/style>\n\t<\/div>\n\t\n\n\t<div class=\"img has-hover header-logo-final x md-x lg-x y md-y lg-y\" id=\"image_1750115507\">\n\t\t<a class=\"\" href=\"https:\/\/www.vojtko.art\/index.php\/ava\/arch\/\" >\t\t\t\t\t\t<div class=\"img-inner dark\" >\n\t\t\t<img loading=\"lazy\" decoding=\"async\" width=\"720\" height=\"720\" src=\"https:\/\/www.vojtko.art\/wp-content\/uploads\/2024\/04\/architecture.png\" class=\"attachment-original size-original\" alt=\"\" srcset=\"https:\/\/www.vojtko.art\/wp-content\/uploads\/2024\/04\/architecture.png 720w, https:\/\/www.vojtko.art\/wp-content\/uploads\/2024\/04\/architecture-300x300.png 300w, https:\/\/www.vojtko.art\/wp-content\/uploads\/2024\/04\/architecture-150x150.png 150w\" sizes=\"auto, (max-width: 720px) 100vw, 720px\" \/>\t\t\t\t\t\t\n\t\t\t\t\t<\/div>\n\t\t\t\t\t\t<\/a>\t\t\n<style>\n#image_1750115507 {\n  width: 20%;\n}\n@media (min-width:550px) {\n  #image_1750115507 {\n    width: 100%;\n  }\n}\n<\/style>\n\t<\/div>\n\t\n\n<div class=\"accordion\">\n\n\t<div id=\"accordion-386246403\" class=\"accordion-item\">\n\t\t<a id=\"accordion-386246403-label\" class=\"accordion-title plain\" href=\"#accordion-item-&nbsp;\" aria-expanded=\"false\" aria-controls=\"accordion-386246403-content\" >\n\t\t\t<button class=\"toggle\" aria-label=\"Toggle\"><i class=\"icon-angle-down\"><\/i><\/button>\n\t\t\t<span>&nbsp;<\/span>\n\t\t<\/a>\n\t\t<div id=\"accordion-386246403-content\" class=\"accordion-inner\" aria-labelledby=\"accordion-386246403-label\" >\n\t\t\t\n\n<div class=\"row align-middle align-center\"  id=\"row-1218956140\">\n\n\n\t<div id=\"col-811081823\" class=\"col medium-9 small-9 large-6\"  >\n\t\t\t\t<div class=\"col-inner text-center\"  >\n\t\t\t\n\t\t\t\n\n<a href=\"\/index.php\/ava\/arch\/#o-nas\" class=\"button primary menu-button\"  >\n\t\t<span>O N\u00c1S<\/span>\n\t<\/a>\n\n\n\t<div id=\"gap-608434392\" class=\"gap-element clearfix\" style=\"display:block; height:auto;\">\n\t\t\n<style>\n#gap-608434392 {\n  padding-top: 0.5rem;\n}\n@media (min-width:550px) {\n  #gap-608434392 {\n    padding-top: 30px;\n  }\n}\n<\/style>\n\t<\/div>\n\t\n\n<a href=\"\/index.php\/ava\/arch\/#.pristup\" class=\"button primary menu-button\"  >\n\t\t<span>PR\u00cdSTUP<\/span>\n\t<\/a>\n\n\n\t<div id=\"gap-1259591433\" class=\"gap-element clearfix\" style=\"display:block; height:auto;\">\n\t\t\n<style>\n#gap-1259591433 {\n  padding-top: 0.5rem;\n}\n@media (min-width:550px) {\n  #gap-1259591433 {\n    padding-top: 30px;\n  }\n}\n<\/style>\n\t<\/div>\n\t\n\n<a href=\"\/index.php\/ava\/arch\/#.sluzby\" class=\"button primary menu-button\"  >\n\t\t<span>SLU\u017dBY<\/span>\n\t<\/a>\n\n\n\t<div id=\"gap-1831036591\" class=\"gap-element clearfix\" style=\"display:block; height:auto;\">\n\t\t\n<style>\n#gap-1831036591 {\n  padding-top: 0.5rem;\n}\n@media (min-width:550px) {\n  #gap-1831036591 {\n    padding-top: 30px;\n  }\n}\n<\/style>\n\t<\/div>\n\t\n\n<a href=\"\/index.php\/ava\/arch\/projekty\/\" class=\"button primary menu-button\"  >\n\t\t<span>PROJEKTY<\/span>\n\t<\/a>\n\n\n\t<div id=\"gap-1531864599\" class=\"gap-element clearfix\" style=\"display:block; height:auto;\">\n\t\t\n<style>\n#gap-1531864599 {\n  padding-top: 0.5rem;\n}\n@media (min-width:550px) {\n  #gap-1531864599 {\n    padding-top: 30px;\n  }\n}\n<\/style>\n\t<\/div>\n\t\n\n<a href=\"\/index.php\/ava\/arch\/kontakt\/\" class=\"button primary menu-button\"  >\n\t\t<span>KONTAKT<\/span>\n\t<\/a>\n\n\n\n\t\t<\/div>\n\t\t\t\t\t<\/div>\n\n\t\n\n<\/div>\n\n\t\t<\/div>\n\t<\/div>\n\t\n\n<\/div>\n\n\t\t<\/div>\n\t\t\t\t\t<\/div>\n\n\t\n\n\t<div id=\"col-366442531\" class=\"col hide-for-medium medium-3 small-12 large-3\"  >\n\t\t\t\t<div class=\"col-inner text-left\"  >\n\t\t\t\n\t\t\t\n\n\t<div class=\"img has-hover header-logo-final x md-x lg-x y md-y lg-y\" id=\"image_2138847006\">\n\t\t<a class=\"\" href=\"https:\/\/www.vojtko.art\/index.php\/ava\/arch\/\" >\t\t\t\t\t\t<div class=\"img-inner dark\" >\n\t\t\t<img loading=\"lazy\" decoding=\"async\" width=\"720\" height=\"720\" src=\"https:\/\/www.vojtko.art\/wp-content\/uploads\/2024\/04\/architecture.png\" class=\"attachment-original size-original\" alt=\"\" srcset=\"https:\/\/www.vojtko.art\/wp-content\/uploads\/2024\/04\/architecture.png 720w, https:\/\/www.vojtko.art\/wp-content\/uploads\/2024\/04\/architecture-300x300.png 300w, https:\/\/www.vojtko.art\/wp-content\/uploads\/2024\/04\/architecture-150x150.png 150w\" sizes=\"auto, (max-width: 720px) 100vw, 720px\" \/>\t\t\t\t\t\t\n\t\t\t\t\t<\/div>\n\t\t\t\t\t\t<\/a>\t\t\n<style>\n#image_2138847006 {\n  width: 20%;\n}\n@media (min-width:550px) {\n  #image_2138847006 {\n    width: 100%;\n  }\n}\n<\/style>\n\t<\/div>\n\t\n\n\n\t\t<\/div>\n\t\t\t\t\t<\/div>\n\n\t\n\n\t<div id=\"col-157535310\" class=\"col hide-for-medium medium-9 small-12 large-9\"  >\n\t\t\t\t<div class=\"col-inner text-right\"  >\n\t\t\t\n\t\t\t\n\n<a href=\"\/index.php\/ava\/arch\/#o-nas\" class=\"button primary menu-button\"  >\n\t\t<span>O N\u00c1S<\/span>\n\t<\/a>\n\n\n<a href=\"\/index.php\/ava\/arch\/#pristup\" class=\"button primary menu-button\"  >\n\t\t<span>PR\u00cdSTUP<\/span>\n\t<\/a>\n\n\n<a href=\"\/index.php\/ava\/arch\/#sluzby\" class=\"button primary menu-button\"  >\n\t\t<span>SLU\u017dBY<\/span>\n\t<\/a>\n\n\n<a href=\"\/index.php\/ava\/arch\/projekty\/\" class=\"button primary menu-button\"  >\n\t\t<span>PROJEKTY<\/span>\n\t<\/a>\n\n\n<a href=\"\/index.php\/ava\/arch\/kontakt\/\" class=\"button primary menu-button\"  >\n\t\t<span>KONTAKT<\/span>\n\t<\/a>\n\n\n\n\t\t<\/div>\n\t\t\t\t\t<\/div>\n\n\t\n\n<\/div>\n\t<div id=\"gap-470955252\" class=\"gap-element clearfix\" style=\"display:block; height:auto;\">\n\t\t\n<style>\n#gap-470955252 {\n  padding-top: 2rem;\n}\n<\/style>\n\t<\/div>\n\t\n\n\n\t\t<\/div>\n\n\t\t\n<style>\n#section_625246682 {\n  padding-top: 30px;\n  padding-bottom: 30px;\n}\n<\/style>\n\t<\/section>\n\t\n\n\t<section class=\"section\" id=\"section_1902260275\">\n\t\t<div class=\"section-bg fill\" >\n\t\t\t\t\t\t\t\t\t\n\t\t\t\n\n\t\t<\/div>\n\n\t\t\n\n\t\t<div class=\"section-content relative\">\n\t\t\t\n\n\t<div id=\"text-2938862387\" class=\"text container-extended show-for-small\">\n\t\t\n\n<h4><span style=\"font-size: 105%;\">\u039bV\u039b architecture<\/span><br \/><span style=\"font-size: 90%;\">Pova\u017esk\u00e1 Bystrica<\/span><\/h4>\n\t\t\n<style>\n#text-2938862387 {\n  font-size: 1.5rem;\n}\n<\/style>\n\t<\/div>\n\t\n<div class=\"row row-full-width container-custom container-extended\"  id=\"row-1497692845\">\n\n\n\t<div id=\"col-827914139\" class=\"col medium-12 small-12 large-5\"  >\n\t\t\t\t<div class=\"col-inner\"  >\n\t\t\t\n\t\t\t\n\n\t<div id=\"text-2842772580\" class=\"text hide-for-small\">\n\t\t\n\n<h4><span style=\"font-size: 105%;\">\u039bV\u039b architecture<\/span><br \/><span style=\"font-size: 90%;\">Pova\u017esk\u00e1 Bystrica<\/span><\/h4>\n\t\t\n<style>\n#text-2842772580 {\n  font-size: 1.5rem;\n}\n<\/style>\n\t<\/div>\n\t\n\t\t<div class=\"show-for-medium hide-for-small\">\n\t\t\t\t\n\n<iframe class=\"map-gray\" src=\"https:\/\/www.google.com\/maps\/embed?pb=!1m18!1m12!1m3!1d1671.8576422177982!2d18.44532634307565!3d49.111986645969246!2m3!1f0!2f0!3f0!3m2!1i1024!2i768!4f13.1!3m3!1m2!1s0x47148bcc13b47cb7%3A0x66f5b5403f18133b!2sAVA%20-%20architecture!5e0!3m2!1ssk!2ssk!4v1714921591812!5m2!1ssk!2ssk\" width=\"100%\" height=\"450\" style=\"border:0;\" allowfullscreen=\"\" loading=\"lazy\" referrerpolicy=\"no-referrer-when-downgrade\"><\/iframe>\n\t\t<\/div>\n\t\n\t\t<div class=\"hide-for-medium\">\n\t\t\t\t\n\n<iframe class=\"map-gray\" src=\"https:\/\/www.google.com\/maps\/embed?pb=!1m18!1m12!1m3!1d1671.8576422177982!2d18.44532634307565!3d49.111986645969246!2m3!1f0!2f0!3f0!3m2!1i1024!2i768!4f13.1!3m3!1m2!1s0x47148bcc13b47cb7%3A0x66f5b5403f18133b!2sAVA%20-%20architecture!5e0!3m2!1ssk!2ssk!4v1714921591812!5m2!1ssk!2ssk\" width=\"600\" height=\"450\" style=\"border:0;\" allowfullscreen=\"\" loading=\"lazy\" referrerpolicy=\"no-referrer-when-downgrade\"><\/iframe>\n\t\t<\/div>\n\t\n\t\t<div class=\"show-for-small\">\n\t\t\t\t\n\n<iframe class=\"map-gray\" src=\"https:\/\/www.google.com\/maps\/embed?pb=!1m18!1m12!1m3!1d1671.8576422177982!2d18.44532634307565!3d49.111986645969246!2m3!1f0!2f0!3f0!3m2!1i1024!2i768!4f13.1!3m3!1m2!1s0x47148bcc13b47cb7%3A0x66f5b5403f18133b!2sAVA%20-%20architecture!5e0!3m2!1ssk!2ssk!4v1714921591812!5m2!1ssk!2ssk\" width=\"100%\" height=\"350\" style=\"border:0;\" allowfullscreen=\"\" loading=\"lazy\" referrerpolicy=\"no-referrer-when-downgrade\"><\/iframe>\n\t\t<\/div>\n\t\n\t<div id=\"text-120581756\" class=\"text\">\n\t\t\n\n<p><span style=\"font-size: 75%;\">Ul. Slovensk\u00fdch partiz\u00e1nov 5033\/73, 017 01 Pova\u017esk\u00e1 Bystrica<\/span><br \/><span style=\"font-size: 75%;\">GPS: 49.112047525404506, 18.446667985922904<\/span><\/p>\n<p>\u00a0<\/p>\n\t\t\n<style>\n#text-120581756 {\n  font-size: 1rem;\n}\n<\/style>\n\t<\/div>\n\t\n\t<div id=\"gap-21059787\" class=\"gap-element clearfix\" style=\"display:block; height:auto;\">\n\t\t\n<style>\n#gap-21059787 {\n  padding-top: 1rem;\n}\n<\/style>\n\t<\/div>\n\t\n\n\t<div id=\"text-2815711360\" class=\"text\">\n\t\t\n\n<p>OTV\u00c1RACIE HODINY:<\/p>\n\t\t\n<style>\n#text-2815711360 {\n  font-size: 1.5rem;\n  line-height: 1;\n}\n<\/style>\n\t<\/div>\n\t\n\t<div id=\"text-3948406255\" class=\"text\">\n\t\t\n\n<p>Pondelok &#8211; Piatok<br \/>8:00 &#8211; 11:00 (Obed) 12:00 &#8211; 17:00<\/p>\n\t\t\n<style>\n#text-3948406255 {\n  font-size: 1rem;\n  text-align: left;\n}\n<\/style>\n\t<\/div>\n\t\n\t<div id=\"gap-1132531324\" class=\"gap-element clearfix\" style=\"display:block; height:auto;\">\n\t\t\n<style>\n#gap-1132531324 {\n  padding-top: 3rem;\n}\n<\/style>\n\t<\/div>\n\t\n\n\t<div id=\"text-1309602366\" class=\"text\">\n\t\t\n\n<p>KONTAKT:<\/p>\n\t\t\n<style>\n#text-1309602366 {\n  font-size: 1.5rem;\n  line-height: 1;\n}\n<\/style>\n\t<\/div>\n\t\n\t<div id=\"text-709998920\" class=\"text\">\n\t\t\n\n<p>Ateli\u00e9r &#8211;\u00a0 \u00a0 \u00a0 \u00a0 \u00a0 \u00a0 \u00a0 projekcia@ava-arch.sk<br \/>Tel. &#8211;\u00a0 \u00a0 \u00a0 \u00a0 \u00a0 \u00a0 \u00a0 \u00a0 \u00a0 \u00a0+421 917 446 282<br \/>Inform\u00e1cie &#8211;\u00a0 \u00a0 \u00a0info@ava-arch.sk<br \/>Ekon\u00f3mia &#8211;\u00a0 \u00a0 \u00a0 \u00a0ekonomia@ava-arch.sk<\/p>\n\t\t\n<style>\n#text-709998920 {\n  font-size: 1rem;\n}\n<\/style>\n\t<\/div>\n\t\n\t<div id=\"gap-1779453352\" class=\"gap-element clearfix\" style=\"display:block; height:auto;\">\n\t\t\n<style>\n#gap-1779453352 {\n  padding-top: 3rem;\n}\n<\/style>\n\t<\/div>\n\t\n\n\t<div id=\"text-1705395723\" class=\"text\">\n\t\t\n\n<p>FAKTURA\u010cN\u00c9 \u00daDAJE:<\/p>\n\t\t\n<style>\n#text-1705395723 {\n  font-size: 1.5rem;\n  line-height: 1;\n}\n<\/style>\n\t<\/div>\n\t\n\t<div id=\"text-3738984773\" class=\"text\">\n\t\t\n\n<p><span style=\"font-size: 100%;\">\u039bV\u039b architecture s.r.o.<\/span><br \/><span style=\"font-size: 100%;\">Slovensk\u00fdch partiz\u00e1nov 5033\/73<\/span><br \/><span style=\"font-size: 100%;\">01701, Pova\u017esk\u00e1 Bystrica<\/span><br \/><span style=\"font-size: 100%;\">I\u010do: 55438709<\/span><br \/><span style=\"font-size: 100%;\">I\u010d DPH: SK2121997944<\/span><\/p>\n\t\t\n<style>\n#text-3738984773 {\n  font-size: 1rem;\n}\n<\/style>\n\t<\/div>\n\t\n\n\t\t<\/div>\n\t\t\t\t\t<\/div>\n\n\t\n\n\t<div id=\"col-2129329885\" class=\"col medium-1 small-12 large-1\"  >\n\t\t\t\t<div class=\"col-inner\"  >\n\t\t\t\n\t\t\t\n\n\n\t\t<\/div>\n\t\t\t\t\t<\/div>\n\n\t\n\n\t<div id=\"col-1042261768\" class=\"col medium-12 small-12 large-6\"  >\n\t\t\t\t<div class=\"col-inner\"  >\n\t\t\t\n\t\t\t\n\n\t<div id=\"gap-1535710813\" class=\"gap-element clearfix show-for-medium\" style=\"display:block; height:auto;\">\n\t\t\n<style>\n#gap-1535710813 {\n  padding-top: 30px;\n}\n<\/style>\n\t<\/div>\n\t\n\n<div class=\"row\"  id=\"row-1670067564\">\n\n\n\t<div id=\"col-242061263\" class=\"col small-12 large-12\"  >\n\t\t\t\t<div class=\"col-inner\"  >\n\t\t\t\n\t\t\t\n\n\t<div id=\"text-1310002589\" class=\"text\">\n\t\t\n\n<p>KONTAKTN\u00dd FORMUL\u00c1R<\/p>\n\t\t\n<style>\n#text-1310002589 {\n  font-size: 1.5rem;\n  text-align: left;\n}\n@media (min-width:550px) {\n  #text-1310002589 {\n    text-align: left;\n  }\n}\n<\/style>\n\t<\/div>\n\t\n\t<div id=\"text-2197122650\" class=\"text\">\n\t\t\n\n<h4 class=\"mbr-section-subtitle mbr-fonts-style align-center mb-0 mt-2 display-7\" style=\"text-align: left;\"><span style=\"font-size: 85%;\">Kontaktujte n\u00e1s prostredn\u00edctvom e-mailu alebo kontaktn\u00e9ho formul\u00e1ra pre ot\u00e1zky alebo z\u00e1v\u00e4zn\u00fa cenov\u00fa ponuku.<\/span><br \/><span style=\"font-size: 85%;\">Presn\u00fa cenu stanov\u00edme na z\u00e1klade konkr\u00e9tnych po\u017eiadaviek a n\u00e1ro\u010dnosti projektu.<\/span><\/h4>\n\t\t\n<style>\n#text-2197122650 {\n  font-size: 1rem;\n  text-align: left;\n}\n@media (min-width:550px) {\n  #text-2197122650 {\n    text-align: left;\n  }\n}\n<\/style>\n\t<\/div>\n\t\n\n\t\t<\/div>\n\t\t\t\t\t<\/div>\n\n\t\n\n<\/div>\n\t<div id=\"gap-1685222645\" class=\"gap-element clearfix\" style=\"display:block; height:auto;\">\n\t\t\n<style>\n#gap-1685222645 {\n  padding-top: 2rem;\n}\n<\/style>\n\t<\/div>\n\t\n\n\n<div class=\"wpcf7 no-js\" id=\"wpcf7-f1476-o1\" lang=\"sk-SK\" dir=\"ltr\" data-wpcf7-id=\"1476\">\n<div class=\"screen-reader-response\"><p role=\"status\" aria-live=\"polite\" aria-atomic=\"true\"><\/p> <ul><\/ul><\/div>\n<form action=\"\/index.php\/wp-json\/wp\/v2\/pages\/497#wpcf7-f1476-o1\" method=\"post\" class=\"wpcf7-form init\" aria-label=\"Kontaktn\u00fd formul\u00e1r\" novalidate=\"novalidate\" data-status=\"init\">\n<fieldset class=\"hidden-fields-container\"><input type=\"hidden\" name=\"_wpcf7\" value=\"1476\" \/><input type=\"hidden\" name=\"_wpcf7_version\" value=\"6.1\" \/><input type=\"hidden\" name=\"_wpcf7_locale\" value=\"sk_SK\" \/><input type=\"hidden\" name=\"_wpcf7_unit_tag\" value=\"wpcf7-f1476-o1\" \/><input type=\"hidden\" name=\"_wpcf7_container_post\" value=\"0\" \/><input type=\"hidden\" name=\"_wpcf7_posted_data_hash\" value=\"\" \/>\n<\/fieldset>\n<p><label> Va\u0161e meno<br \/>\n<span class=\"wpcf7-form-control-wrap\" data-name=\"your-name\"><input size=\"40\" maxlength=\"400\" class=\"wpcf7-form-control wpcf7-text wpcf7-validates-as-required\" autocomplete=\"name\" aria-required=\"true\" aria-invalid=\"false\" value=\"\" type=\"text\" name=\"your-name\" \/><\/span> <\/label>\n<\/p>\n<p><label> V\u00e1\u0161 email<br \/>\n<span class=\"wpcf7-form-control-wrap\" data-name=\"your-email\"><input size=\"40\" maxlength=\"400\" class=\"wpcf7-form-control wpcf7-email wpcf7-validates-as-required wpcf7-text wpcf7-validates-as-email\" autocomplete=\"email\" aria-required=\"true\" aria-invalid=\"false\" value=\"\" type=\"email\" name=\"your-email\" \/><\/span> <\/label>\n<\/p>\n<p><label> Va\u0161a spr\u00e1va (volite\u013en\u00e9)<br \/>\n<span class=\"wpcf7-form-control-wrap\" data-name=\"your-message\"><textarea cols=\"40\" rows=\"10\" maxlength=\"2000\" class=\"wpcf7-form-control wpcf7-textarea\" aria-invalid=\"false\" name=\"your-message\"><\/textarea><\/span> <\/label>\n<\/p>\n<p><input class=\"wpcf7-form-control wpcf7-submit has-spinner\" type=\"submit\" value=\"Odosla\u0165\" \/>\n<\/p><div class=\"wpcf7-response-output\" aria-hidden=\"true\"><\/div>\n<\/form>\n<\/div>\n\n\n\n\t\t<\/div>\n\t\t\t\t\t<\/div>\n\n\t\n\n<\/div>\n\n\t\t<\/div>\n\n\t\t\n<style>\n#section_1902260275 {\n  padding-top: 30px;\n  padding-bottom: 30px;\n}\n<\/style>\n\t<\/section>\n\t\n<div class=\"row row-full-width align-middle align-center container-custom container-extended\"  id=\"row-1255809442\">\n\n\n\t<div id=\"col-601900485\" class=\"col hide-for-small medium-5 small-12 large-4\"  >\n\t\t\t\t<div class=\"col-inner text-left\"  >\n\t\t\t\n\t\t\t\n\n\t<div id=\"gap-15566101\" class=\"gap-element clearfix\" style=\"display:block; height:auto;\">\n\t\t\n<style>\n#gap-15566101 {\n  padding-top: 0.75rem;\n}\n<\/style>\n\t<\/div>\n\t\n\n\t<div id=\"text-63425799\" class=\"text footer-logo footer-heading\">\n\t\t\n\n<p><a href=\"https:\/\/www.vojtko.art\/\">\u3164vojtko.art\u3164<br \/>\n<\/a><\/p>\n\t\t\n<style>\n#text-63425799 {\n  font-size: 2rem;\n  text-align: left;\n}\n@media (min-width:550px) {\n  #text-63425799 {\n    font-size: 1.2rem;\n  }\n}\n@media (min-width:850px) {\n  #text-63425799 {\n    font-size: 2.25rem;\n  }\n}\n<\/style>\n\t<\/div>\n\t\n\n\t\t<\/div>\n\t\t\t\t\n<style>\n#col-601900485 > .col-inner {\n  margin: 0px 0px -1rem 0px;\n}\n<\/style>\n\t<\/div>\n\n\t\n\n\t<div id=\"col-619302842\" class=\"col show-for-small medium-4 small-12 large-4\"  >\n\t\t\t\t<div class=\"col-inner text-center\"  >\n\t\t\t\n\t\t\t\n\n\t<div id=\"text-1698441522\" class=\"text footer-logo footer-heading\">\n\t\t\n\n<p><a href=\"https:\/\/www.vojtko.art\/\">\u3164vojtko.art\u3164<br \/>\n<\/a><\/p>\n\t\t\n<style>\n#text-1698441522 {\n  font-size: 2rem;\n  text-align: center;\n}\n@media (min-width:550px) {\n  #text-1698441522 {\n    font-size: 2.25rem;\n    text-align: left;\n  }\n}\n<\/style>\n\t<\/div>\n\t\n\n\t\t<\/div>\n\t\t\t\t\n<style>\n#col-619302842 > .col-inner {\n  margin: 0px 0px -1rem 0px;\n}\n<\/style>\n\t<\/div>\n\n\t\n\n\t<div id=\"col-170881836\" class=\"col hide-for-small medium-7 small-12 large-8\"  >\n\t\t\t\t<div class=\"col-inner text-right\"  >\n\t\t\t\n\t\t\t\n\n<a href=\"\/index.php\/ava\/arch\/\" class=\"button primary menu-button menu-button-footer\"  >\n\t\t<span>ARCHITEKT\u00daRA<\/span>\n\t<\/a>\n\n\n<a href=\"\/index.php\/ava\/design\/\" class=\"button primary menu-button menu-button-footer\"  >\n\t\t<span>DESIGN<\/span>\n\t<\/a>\n\n\n<a href=\"\/index.php\/ava\/artdesign\/\" class=\"button primary menu-button menu-button-footer\"  >\n\t\t<span>ARTDESIGN<\/span>\n\t<\/a>\n\n\n\n\t\t<\/div>\n\t\t\t\t\t<\/div>\n\n\t\n\n\t<div id=\"col-314351121\" class=\"col show-for-small medium-8 small-12 large-8\"  >\n\t\t\t\t<div class=\"col-inner text-center\"  >\n\t\t\t\n\t\t\t\n\n\t<div id=\"gap-1450982214\" class=\"gap-element clearfix\" style=\"display:block; height:auto;\">\n\t\t\n<style>\n#gap-1450982214 {\n  padding-top: 1rem;\n}\n@media (min-width:550px) {\n  #gap-1450982214 {\n    padding-top: 30px;\n  }\n}\n<\/style>\n\t<\/div>\n\t\n\n<a href=\"\/index.php\/ava\/arch\/\" class=\"button primary menu-button\"  >\n\t\t<span>architekt\u00fara<\/span>\n\t<\/a>\n\n\n\n\t\t<\/div>\n\t\t\t\t\t<\/div>\n\n\t\n\n\t<div id=\"col-192175535\" class=\"col show-for-small medium-8 small-12 large-8\"  >\n\t\t\t\t<div class=\"col-inner text-center\"  >\n\t\t\t\n\t\t\t\n\n\t<div id=\"gap-426644357\" class=\"gap-element clearfix\" style=\"display:block; height:auto;\">\n\t\t\n<style>\n#gap-426644357 {\n  padding-top: 0.5rem;\n}\n@media (min-width:550px) {\n  #gap-426644357 {\n    padding-top: 30px;\n  }\n}\n<\/style>\n\t<\/div>\n\t\n\n<a href=\"\/index.php\/ava\/design\/\" class=\"button primary menu-button\"  >\n\t\t<span>DESIGN<\/span>\n\t<\/a>\n\n\n\n\t\t<\/div>\n\t\t\t\t\t<\/div>\n\n\t\n\n\t<div id=\"col-439776247\" class=\"col show-for-small medium-8 small-12 large-8\"  >\n\t\t\t\t<div class=\"col-inner text-center\"  >\n\t\t\t\n\t\t\t\n\n\t<div id=\"gap-71202663\" class=\"gap-element clearfix\" style=\"display:block; height:auto;\">\n\t\t\n<style>\n#gap-71202663 {\n  padding-top: 0.5rem;\n}\n@media (min-width:550px) {\n  #gap-71202663 {\n    padding-top: 30px;\n  }\n}\n<\/style>\n\t<\/div>\n\t\n\n<a href=\"\/index.php\/ava\/artdesign\/\" class=\"button primary menu-button\"  >\n\t\t<span>ARTDESIGN<\/span>\n\t<\/a>\n\n\n\n\t\t<\/div>\n\t\t\t\t\t<\/div>\n\n\t\n\n<\/div>\n\t<div id=\"gap-1951690053\" class=\"gap-element clearfix\" style=\"display:block; height:auto;\">\n\t\t\n<style>\n#gap-1951690053 {\n  padding-top: 3rem;\n}\n@media (min-width:550px) {\n  #gap-1951690053 {\n    padding-top: 30px;\n  }\n}\n<\/style>\n\t<\/div>\n\t\n\n\n","protected":false},"excerpt":{"rendered":"","protected":false},"author":1,"featured_media":0,"parent":2,"menu_order":0,"comment_status":"closed","ping_status":"closed","template":"page-blank.php","meta":{"footnotes":""},"class_list":["post-497","page","type-page","status-publish","hentry"],"_links":{"self":[{"href":"https:\/\/www.vojtko.art\/index.php\/wp-json\/wp\/v2\/pages\/497","targetHints":{"allow":["GET"]}}],"collection":[{"href":"https:\/\/www.vojtko.art\/index.php\/wp-json\/wp\/v2\/pages"}],"about":[{"href":"https:\/\/www.vojtko.art\/index.php\/wp-json\/wp\/v2\/types\/page"}],"author":[{"embeddable":true,"href":"https:\/\/www.vojtko.art\/index.php\/wp-json\/wp\/v2\/users\/1"}],"replies":[{"embeddable":true,"href":"https:\/\/www.vojtko.art\/index.php\/wp-json\/wp\/v2\/comments?post=497"}],"version-history":[{"count":59,"href":"https:\/\/www.vojtko.art\/index.php\/wp-json\/wp\/v2\/pages\/497\/revisions"}],"predecessor-version":[{"id":4074,"href":"https:\/\/www.vojtko.art\/index.php\/wp-json\/wp\/v2\/pages\/497\/revisions\/4074"}],"up":[{"embeddable":true,"href":"https:\/\/www.vojtko.art\/index.php\/wp-json\/wp\/v2\/pages\/2"}],"wp:attachment":[{"href":"https:\/\/www.vojtko.art\/index.php\/wp-json\/wp\/v2\/media?parent=497"}],"curies":[{"name":"wp","href":"https:\/\/api.w.org\/{rel}","templated":true}]}}